{"id":997,"date":"2023-02-13T01:36:47","date_gmt":"2023-02-13T01:36:47","guid":{"rendered":"https:\/\/lira.pagescontadoragora.com\/?page_id=997"},"modified":"2024-02-02T13:22:41","modified_gmt":"2024-02-02T13:22:41","slug":"contato","status":"publish","type":"page","link":"https:\/\/liracontabilidade.com.br\/index.php\/contato\/","title":{"rendered":"Contato"},"content":{"rendered":"\t\t<div data-elementor-type=\"wp-page\" data-elementor-id=\"997\" class=\"elementor elementor-997\" data-elementor-settings=\"{&quot;ha_cmc_init_switcher&quot;:&quot;no&quot;}\">\n\t\t\t\t\t\t<section class=\"elementor-section elementor-top-section elementor-element elementor-element-4f1e057 elementor-section-boxed elementor-section-height-default elementor-section-height-default\" data-id=\"4f1e057\" data-element_type=\"section\" data-e-type=\"section\" data-settings=\"{&quot;background_background&quot;:&quot;classic&quot;,&quot;_ha_eqh_enable&quot;:false}\">\n\t\t\t\t\t\t<div class=\"elementor-container elementor-column-gap-default\">\n\t\t\t\t\t<div class=\"elementor-column elementor-col-25 elementor-top-column elementor-element elementor-element-1117d7a\" data-id=\"1117d7a\" data-element_type=\"column\" data-e-type=\"column\">\n\t\t\t<div class=\"elementor-widget-wrap elementor-element-populated\">\n\t\t\t\t\t\t<div class=\"elementor-element elementor-element-7d873e4 elementor-widget elementor-widget-elementskit-heading\" data-id=\"7d873e4\" data-element_type=\"widget\" data-e-type=\"widget\" data-widget_type=\"elementskit-heading.default\">\n\t\t\t\t<div class=\"elementor-widget-container\">\n\t\t\t\t\t<div class=\"ekit-wid-con\" ><div class=\"ekit-heading elementskit-section-title-wraper text_left   ekit_heading_tablet-   ekit_heading_mobile-\"><h1 class=\"ekit-heading--title elementskit-section-title  ekit-heading__title-has-border start\">Contabilidade em S\u00e3o Jo\u00e3o Del Rei - MG<\/h1><\/div><\/div>\t\t\t\t<\/div>\n\t\t\t\t<\/div>\n\t\t\t\t\t<\/div>\n\t\t<\/div>\n\t\t\t\t<div class=\"elementor-column elementor-col-25 elementor-top-column elementor-element elementor-element-0e580cc\" data-id=\"0e580cc\" data-element_type=\"column\" data-e-type=\"column\">\n\t\t\t<div class=\"elementor-widget-wrap elementor-element-populated\">\n\t\t\t\t\t\t<div class=\"elementor-element elementor-element-acab81b ekit-equal-height-disable elementor-widget elementor-widget-elementskit-icon-box\" data-id=\"acab81b\" data-element_type=\"widget\" data-e-type=\"widget\" data-widget_type=\"elementskit-icon-box.default\">\n\t\t\t\t<div class=\"elementor-widget-container\">\n\t\t\t\t\t<div class=\"ekit-wid-con\" >        <!-- link opening -->\n                <a href=\"https:\/\/wa.me\/5532998203904?text=Ol%C3%A1%2C+vim+do+site+gostaria+de+conhecer+a+Lira\" class=\"ekit_global_links\">\n                <!-- end link opening -->\n\n        <div class=\"elementskit-infobox text-left text-left icon-top-align elementor-animation-   \">\n                            <div class=\"elementskit-box-header\">\n                <div class=\"elementskit-info-box-icon \">\n                    <img fetchpriority=\"high\" decoding=\"async\" width=\"640\" height=\"640\" src=\"https:\/\/liracontabilidade.com.br\/wp-content\/uploads\/2023\/02\/telefone.gif\" class=\"attachment- size-\" alt=\"\" \/>                <\/div>\n          <\/div>\n                <div class=\"box-body\">\n                            <h3 class=\"elementskit-info-box-title\">\n                    Telefone                <\/h3>\n                        \t\t  \t<p>(32)3371-3382 \n(32) 99820-3904<\/p>\n                                <\/div>\n        \n        \n                <\/div>\n                <\/a>\n        <\/div>\t\t\t\t<\/div>\n\t\t\t\t<\/div>\n\t\t\t\t<div class=\"elementor-element elementor-element-4be13fd elementor-widget__width-auto elementor-absolute elementor-invisible elementor-widget elementor-widget-image\" data-id=\"4be13fd\" data-element_type=\"widget\" data-e-type=\"widget\" data-settings=\"{&quot;_animation&quot;:&quot;fadeIn&quot;,&quot;_position&quot;:&quot;absolute&quot;}\" data-widget_type=\"image.default\">\n\t\t\t\t<div class=\"elementor-widget-container\">\n\t\t\t\t\t\t\t\t\t\t\t\t\t\t\t<img decoding=\"async\" src=\"https:\/\/lira.pagescontadoragora.com\/wp-content\/uploads\/2023\/02\/heading-dots-1.png\" title=\"\" alt=\"\" loading=\"lazy\" \/>\t\t\t\t\t\t\t\t\t\t\t\t\t\t\t<\/div>\n\t\t\t\t<\/div>\n\t\t\t\t\t<\/div>\n\t\t<\/div>\n\t\t\t\t<div class=\"elementor-column elementor-col-25 elementor-top-column elementor-element elementor-element-087835d\" data-id=\"087835d\" data-element_type=\"column\" data-e-type=\"column\">\n\t\t\t<div class=\"elementor-widget-wrap elementor-element-populated\">\n\t\t\t\t\t\t<div data-ha-element-link=\"{&quot;url&quot;:&quot;mailto:atendimento@liracontabilidade.com.br&quot;,&quot;is_external&quot;:&quot;on&quot;,&quot;nofollow&quot;:&quot;&quot;}\" style=\"cursor: pointer\" class=\"elementor-element elementor-element-5936c63 ekit-equal-height-disable elementor-widget elementor-widget-elementskit-icon-box\" data-id=\"5936c63\" data-element_type=\"widget\" data-e-type=\"widget\" data-widget_type=\"elementskit-icon-box.default\">\n\t\t\t\t<div class=\"elementor-widget-container\">\n\t\t\t\t\t<div class=\"ekit-wid-con\" >        <!-- link opening -->\n                <!-- end link opening -->\n\n        <div class=\"elementskit-infobox text-left text-left icon-top-align elementor-animation-   \">\n                            <div class=\"elementskit-box-header\">\n                <div class=\"elementskit-info-box-icon \">\n                    <img decoding=\"async\" width=\"640\" height=\"640\" src=\"https:\/\/liracontabilidade.com.br\/wp-content\/uploads\/2023\/02\/o-email.gif\" class=\"attachment- size-\" alt=\"\" \/>                <\/div>\n          <\/div>\n                <div class=\"box-body\">\n                            <h3 class=\"elementskit-info-box-title\">\n                    E-mail                <\/h3>\n                        \t\t  \t<p>atendimento@liracontabilidade.com.br<\/p>\n                                <\/div>\n        \n        \n                <\/div>\n        <\/div>\t\t\t\t<\/div>\n\t\t\t\t<\/div>\n\t\t\t\t\t<\/div>\n\t\t<\/div>\n\t\t\t\t<div class=\"elementor-column elementor-col-25 elementor-top-column elementor-element elementor-element-250100e\" data-id=\"250100e\" data-element_type=\"column\" data-e-type=\"column\">\n\t\t\t<div class=\"elementor-widget-wrap elementor-element-populated\">\n\t\t\t\t\t\t<div data-ha-element-link=\"{&quot;url&quot;:&quot;https:\\\/\\\/maps.app.goo.gl\\\/x3EzmyG8igAhBFWVA&quot;,&quot;is_external&quot;:&quot;on&quot;,&quot;nofollow&quot;:&quot;&quot;}\" style=\"cursor: pointer\" class=\"elementor-element elementor-element-d8019d4 ekit-equal-height-disable elementor-widget elementor-widget-elementskit-icon-box\" data-id=\"d8019d4\" data-element_type=\"widget\" data-e-type=\"widget\" data-widget_type=\"elementskit-icon-box.default\">\n\t\t\t\t<div class=\"elementor-widget-container\">\n\t\t\t\t\t<div class=\"ekit-wid-con\" >        <!-- link opening -->\n                <!-- end link opening -->\n\n        <div class=\"elementskit-infobox text-left text-left icon-top-align elementor-animation-   \">\n                            <div class=\"elementskit-box-header\">\n                <div class=\"elementskit-info-box-icon \">\n                    <img decoding=\"async\" width=\"640\" height=\"640\" src=\"https:\/\/liracontabilidade.com.br\/wp-content\/uploads\/2023\/02\/localizacao.gif\" class=\"attachment- size-\" alt=\"\" \/>                <\/div>\n          <\/div>\n                <div class=\"box-body\">\n                            <h3 class=\"elementskit-info-box-title\">\n                    Endere\u00e7o                <\/h3>\n                        \t\t  \t<p>Rua Quintino Bocaiuva n\u00ba 50 Salas 1 a 6  - Centro (Pra\u00e7a da Esta\u00e7\u00e3o) - S\u00e3o Jo\u00e3o Del Rei - MG - CEP: 36.307-302<\/p>\n                                <\/div>\n        \n        \n                <\/div>\n        <\/div>\t\t\t\t<\/div>\n\t\t\t\t<\/div>\n\t\t\t\t\t<\/div>\n\t\t<\/div>\n\t\t\t\t\t<\/div>\n\t\t<\/section>\n\t\t\t\t<section class=\"elementor-section elementor-top-section elementor-element elementor-element-4c545981 elementor-section-boxed elementor-section-height-default elementor-section-height-default\" data-id=\"4c545981\" data-element_type=\"section\" data-e-type=\"section\" id=\"xs_cta_style_16\" data-settings=\"{&quot;_ha_eqh_enable&quot;:false}\">\n\t\t\t\t\t\t<div class=\"elementor-container elementor-column-gap-default\">\n\t\t\t\t\t<div class=\"elementor-column elementor-col-100 elementor-top-column elementor-element elementor-element-1748e857\" data-id=\"1748e857\" data-element_type=\"column\" data-e-type=\"column\">\n\t\t\t<div class=\"elementor-widget-wrap elementor-element-populated\">\n\t\t\t\t\t\t<section class=\"elementor-section elementor-inner-section elementor-element elementor-element-50b91e4a elementor-section-full_width elementor-section-height-default elementor-section-height-default\" data-id=\"50b91e4a\" data-element_type=\"section\" data-e-type=\"section\" data-settings=\"{&quot;_ha_eqh_enable&quot;:false}\">\n\t\t\t\t\t\t<div class=\"elementor-container elementor-column-gap-default\">\n\t\t\t\t\t<div class=\"elementor-column elementor-col-50 elementor-inner-column elementor-element elementor-element-580b978\" data-id=\"580b978\" data-element_type=\"column\" data-e-type=\"column\">\n\t\t\t<div class=\"elementor-widget-wrap elementor-element-populated\">\n\t\t\t\t\t\t<div class=\"elementor-element elementor-element-19276c31 elementor-widget elementor-widget-elementskit-heading\" data-id=\"19276c31\" data-element_type=\"widget\" data-e-type=\"widget\" data-widget_type=\"elementskit-heading.default\">\n\t\t\t\t<div class=\"elementor-widget-container\">\n\t\t\t\t\t<div class=\"ekit-wid-con\" ><div class=\"ekit-heading elementskit-section-title-wraper text_left   ekit_heading_tablet-   ekit_heading_mobile-\"><h3 class=\"ekit-heading--title elementskit-section-title \">Conte com os nossos <span><span>Servi\u00e7os Cont\u00e1beis<\/span><\/span> Especializados!<\/h3>\t\t\t\t<div class='ekit-heading__description'>\n\t\t\t\t\t<div class=\"u_1315882386 dmNewParagraph\">Procurando uma orienta\u00e7\u00e3o e servi\u00e7os cont\u00e1beis de qualidade para sua empresa ou nas suas atividades de pessoa f\u00edsica?<\/div>\n<div>\u00a0<\/div>\n<div class=\"u_1315882386 dmNewParagraph\">Seja o que voc\u00ea precisar, estamos aqui para ajud\u00e1-lo a seguir em frente com os neg\u00f3cios.<\/div>\n\t\t\t\t<\/div>\n\t\t\t<\/div><\/div>\t\t\t\t<\/div>\n\t\t\t\t<\/div>\n\t\t\t\t\t<\/div>\n\t\t<\/div>\n\t\t\t\t<div class=\"elementor-column elementor-col-50 elementor-inner-column elementor-element elementor-element-5e464932\" data-id=\"5e464932\" data-element_type=\"column\" data-e-type=\"column\" id=\"contato\">\n\t\t\t<div class=\"elementor-widget-wrap elementor-element-populated\">\n\t\t\t\t\t\t<div class=\"elementor-element elementor-element-b333f31 elementor-widget elementor-widget-shortcode\" data-id=\"b333f31\" data-element_type=\"widget\" data-e-type=\"widget\" data-widget_type=\"shortcode.default\">\n\t\t\t\t<div class=\"elementor-widget-container\">\n\t\t\t\t\t\t\t<div class=\"elementor-shortcode\"><div class=\"everest-forms\"><div class=\"evf-container default\" id=\"evf-5\"><form id=\"evf-form-5\" class=\"everest-form\" data-formid=\"5\" data-ajax_submission=\"0\" data-keyboard_friendly_form=\"0\" data-form_state_type=\"\" method=\"post\" enctype=\"multipart\/form-data\" action=\"\/index.php\/wp-json\/wp\/v2\/pages\/997\"><div class=\"evf-field-container\"><input type=\"hidden\" id=\"_wpnonce5\" name=\"_wpnonce5\" value=\"09cd0ab6ff\" \/><input type=\"hidden\" name=\"_wp_http_referer\" value=\"\/index.php\/wp-json\/wp\/v2\/pages\/997\" \/><div class=\"evf-frontend-row\" data-row=\"row_1\" conditional_rules=\"[]\"><div class=\"evf-frontend-grid evf-grid-1\" data-grid=\"grid_1\"><div id=\"evf-5-field_fullname-container\" class=\"evf-field evf-field-text form-row validate-required\" data-required-field-message=\"This field is required.\" data-field-id=\"fullname\"><label class=\"evf-field-label\" for=\"evf-5-field_fullname\"><span class=\"evf-label\">Nome<\/span> <abbr class=\"required\" title=\"Required\">*<\/abbr><\/label><input type=\"text\" id=\"evf-5-field_fullname\" class=\"input-text\" name=\"everest_forms[form_fields][fullname]\" required><\/div><div id=\"evf-5-field_rjyHo4pCXU-1-container\" class=\"evf-field evf-field-text form-row validate-required\" data-required-field-message=\"This field is required.\" data-field-id=\"rjyHo4pCXU-1\"><label class=\"evf-field-label\" for=\"evf-5-field_rjyHo4pCXU-1\"><span class=\"evf-label\">Telefone<\/span> <abbr class=\"required\" title=\"Required\">*<\/abbr><\/label><input type=\"text\" id=\"evf-5-field_rjyHo4pCXU-1\" class=\"input-text\" name=\"everest_forms[form_fields][rjyHo4pCXU-1]\" required><\/div><div id=\"evf-5-field_email-container\" class=\"evf-field evf-field-email form-row validate-required validate-email\" data-required-field-message=\"Please enter a valid email address.\" data-field-id=\"email\"><label class=\"evf-field-label\" for=\"evf-5-field_email\"><span class=\"evf-label\">E-mail<\/span> <abbr class=\"required\" title=\"Required\">*<\/abbr><\/label><input type=\"email\" id=\"evf-5-field_email\" class=\"input-text\" name=\"everest_forms[form_fields][email]\" required ><\/div><div id=\"evf-5-field_message-container\" class=\"evf-field evf-field-textarea form-row\" data-field-id=\"message\"><label class=\"evf-field-label\" for=\"evf-5-field_message\"><span class=\"evf-label\">Como podemos ajudar?<\/span> <\/label><textarea id=\"evf-5-field_message\" class=\"input-text\" name=\"everest_forms[form_fields][message]\"  ><\/textarea><\/div><\/div><\/div><\/div><div class=\"evf-honeypot-container evf-field-hp\"><label for=\"evf-5-field-hp\" class=\"evf-field-label\">Comment<\/label><input type=\"text\" name=\"everest_forms[hp]\" id=\"evf-5-field-hp\" class=\"input-text\"><\/div><div class=\"evf-submit-container \" ><input type=\"hidden\" name=\"everest_forms[id]\" value=\"5\"><input type=\"hidden\" name=\"everest_forms[author]\" value=\"1\"><button type='submit' name='everest_forms[submit]' class='everest-forms-submit-button button evf-submit ' id='evf-submit-5' value='evf-submit' data-process-text=\"Enviando\u2026\" conditional_rules='&quot;&quot;' conditional_id='evf-submit-5'  id=\"evf-submit-5\" aria-live=\"assertive\">Enviar<\/button><\/div><\/form><\/div><!-- .evf-container --><\/div><\/div>\n\t\t\t\t\t\t<\/div>\n\t\t\t\t<\/div>\n\t\t\t\t\t<\/div>\n\t\t<\/div>\n\t\t\t\t\t<\/div>\n\t\t<\/section>\n\t\t\t\t\t<\/div>\n\t\t<\/div>\n\t\t\t\t\t<\/div>\n\t\t<\/section>\n\t\t\t\t<\/div>\n\t\t","protected":false},"excerpt":{"rendered":"<p>Contabilidade em S\u00e3o Jo\u00e3o Del Rei &#8211; MG Telefone (32)3371-3382 (32) 99820-3904 E-mail atendimento@liracontabilidade.com.br Endere\u00e7o Rua Quintino Bocaiuva n\u00ba 50 Salas 1 a 6 &#8211; Centro (Pra\u00e7a da Esta\u00e7\u00e3o) &#8211; S\u00e3o Jo\u00e3o Del Rei &#8211; MG &#8211; CEP: 36.307-302 Conte com os nossos Servi\u00e7os Cont\u00e1beis Especializados! Procurando uma orienta\u00e7\u00e3o e servi\u00e7os cont\u00e1beis de qualidade para [&hellip;]<\/p>\n","protected":false},"author":1,"featured_media":1138,"parent":0,"menu_order":0,"comment_status":"closed","ping_status":"closed","template":"elementor_header_footer","meta":{"zakra_sidebar_layout":"customizer","zakra_remove_content_margin":false,"zakra_sidebar":"customizer","zakra_transparent_header":"customizer","zakra_logo":0,"zakra_main_header_style":"default","zakra_menu_item_color":"","zakra_menu_item_hover_color":null,"zakra_menu_item_active_color":null,"zakra_menu_active_style":"","zakra_page_header":true,"_eb_attr":"","_joinchat":[],"footnotes":""},"class_list":["post-997","page","type-page","status-publish","has-post-thumbnail","hentry"],"yoast_head":"<!-- This site is optimized with the Yoast SEO plugin v27.4 - https:\/\/yoast.com\/product\/yoast-seo-wordpress\/ -->\n<title>Contato de Contabilidade em S\u00e3o Jo\u00e3o Del Rei - MG | Lira Contabilidade<\/title>\n<meta name=\"description\" content=\"Contabilidade em S\u00e3o Jo\u00e3o Del Rei - MG. Solu\u00e7\u00f5es sob medida para sua empresa. Garanta uma gest\u00e3o financeira eficiente e segura.\" \/>\n<meta name=\"robots\" content=\"index, follow, max-snippet:-1, max-image-preview:large, max-video-preview:-1\" \/>\n<link rel=\"canonical\" href=\"https:\/\/liracontabilidade.com.br\/index.php\/contato\/\" \/>\n<meta property=\"og:locale\" content=\"pt_BR\" \/>\n<meta property=\"og:type\" content=\"article\" \/>\n<meta property=\"og:title\" content=\"Contato de Contabilidade em S\u00e3o Jo\u00e3o Del Rei - MG | Lira Contabilidade\" \/>\n<meta property=\"og:description\" content=\"Contabilidade em S\u00e3o Jo\u00e3o Del Rei - MG. Solu\u00e7\u00f5es sob medida para sua empresa. Garanta uma gest\u00e3o financeira eficiente e segura.\" \/>\n<meta property=\"og:url\" content=\"https:\/\/liracontabilidade.com.br\/index.php\/contato\/\" \/>\n<meta property=\"og:site_name\" content=\"Lira Contabilidade\" \/>\n<meta property=\"article:modified_time\" content=\"2024-02-02T13:22:41+00:00\" \/>\n<meta property=\"og:image\" content=\"https:\/\/liracontabilidade.com.br\/wp-content\/uploads\/2023\/02\/cropped-Novo-Projeto-42-1.png\" \/>\n\t<meta property=\"og:image:width\" content=\"512\" \/>\n\t<meta property=\"og:image:height\" content=\"512\" \/>\n\t<meta property=\"og:image:type\" content=\"image\/png\" \/>\n<meta name=\"twitter:card\" content=\"summary_large_image\" \/>\n<meta name=\"twitter:label1\" content=\"Est. tempo de leitura\" \/>\n\t<meta name=\"twitter:data1\" content=\"2 minutos\" \/>\n<script type=\"application\/ld+json\" class=\"yoast-schema-graph\">{\"@context\":\"https:\\\/\\\/schema.org\",\"@graph\":[{\"@type\":\"WebPage\",\"@id\":\"https:\\\/\\\/liracontabilidade.com.br\\\/index.php\\\/contato\\\/\",\"url\":\"https:\\\/\\\/liracontabilidade.com.br\\\/index.php\\\/contato\\\/\",\"name\":\"Contato de Contabilidade em S\u00e3o Jo\u00e3o Del Rei - MG | Lira Contabilidade\",\"isPartOf\":{\"@id\":\"https:\\\/\\\/liracontabilidade.com.br\\\/#website\"},\"primaryImageOfPage\":{\"@id\":\"https:\\\/\\\/liracontabilidade.com.br\\\/index.php\\\/contato\\\/#primaryimage\"},\"image\":{\"@id\":\"https:\\\/\\\/liracontabilidade.com.br\\\/index.php\\\/contato\\\/#primaryimage\"},\"thumbnailUrl\":\"https:\\\/\\\/liracontabilidade.com.br\\\/wp-content\\\/uploads\\\/2023\\\/02\\\/cropped-Novo-Projeto-42-1.png\",\"datePublished\":\"2023-02-13T01:36:47+00:00\",\"dateModified\":\"2024-02-02T13:22:41+00:00\",\"description\":\"Contabilidade em S\u00e3o Jo\u00e3o Del Rei - MG. Solu\u00e7\u00f5es sob medida para sua empresa. Garanta uma gest\u00e3o financeira eficiente e segura.\",\"breadcrumb\":{\"@id\":\"https:\\\/\\\/liracontabilidade.com.br\\\/index.php\\\/contato\\\/#breadcrumb\"},\"inLanguage\":\"pt-BR\",\"potentialAction\":[{\"@type\":\"ReadAction\",\"target\":[\"https:\\\/\\\/liracontabilidade.com.br\\\/index.php\\\/contato\\\/\"]}]},{\"@type\":\"ImageObject\",\"inLanguage\":\"pt-BR\",\"@id\":\"https:\\\/\\\/liracontabilidade.com.br\\\/index.php\\\/contato\\\/#primaryimage\",\"url\":\"https:\\\/\\\/liracontabilidade.com.br\\\/wp-content\\\/uploads\\\/2023\\\/02\\\/cropped-Novo-Projeto-42-1.png\",\"contentUrl\":\"https:\\\/\\\/liracontabilidade.com.br\\\/wp-content\\\/uploads\\\/2023\\\/02\\\/cropped-Novo-Projeto-42-1.png\",\"width\":512,\"height\":512},{\"@type\":\"BreadcrumbList\",\"@id\":\"https:\\\/\\\/liracontabilidade.com.br\\\/index.php\\\/contato\\\/#breadcrumb\",\"itemListElement\":[{\"@type\":\"ListItem\",\"position\":1,\"name\":\"In\u00edcio\",\"item\":\"https:\\\/\\\/liracontabilidade.com.br\\\/\"},{\"@type\":\"ListItem\",\"position\":2,\"name\":\"Contato\"}]},{\"@type\":\"WebSite\",\"@id\":\"https:\\\/\\\/liracontabilidade.com.br\\\/#website\",\"url\":\"https:\\\/\\\/liracontabilidade.com.br\\\/\",\"name\":\"Lira Contabilidade\",\"description\":\"Contabilidade em S\u00e3o Jo\u00e3o Del Rei - MG\",\"publisher\":{\"@id\":\"https:\\\/\\\/liracontabilidade.com.br\\\/#organization\"},\"potentialAction\":[{\"@type\":\"SearchAction\",\"target\":{\"@type\":\"EntryPoint\",\"urlTemplate\":\"https:\\\/\\\/liracontabilidade.com.br\\\/?s={search_term_string}\"},\"query-input\":{\"@type\":\"PropertyValueSpecification\",\"valueRequired\":true,\"valueName\":\"search_term_string\"}}],\"inLanguage\":\"pt-BR\"},{\"@type\":\"Organization\",\"@id\":\"https:\\\/\\\/liracontabilidade.com.br\\\/#organization\",\"name\":\"Lira Contabilidade\",\"url\":\"https:\\\/\\\/liracontabilidade.com.br\\\/\",\"logo\":{\"@type\":\"ImageObject\",\"inLanguage\":\"pt-BR\",\"@id\":\"https:\\\/\\\/liracontabilidade.com.br\\\/#\\\/schema\\\/logo\\\/image\\\/\",\"url\":\"https:\\\/\\\/liracontabilidade.com.br\\\/wp-content\\\/uploads\\\/2023\\\/02\\\/Novo-Projeto-44.png\",\"contentUrl\":\"https:\\\/\\\/liracontabilidade.com.br\\\/wp-content\\\/uploads\\\/2023\\\/02\\\/Novo-Projeto-44.png\",\"width\":182,\"height\":60,\"caption\":\"Lira Contabilidade\"},\"image\":{\"@id\":\"https:\\\/\\\/liracontabilidade.com.br\\\/#\\\/schema\\\/logo\\\/image\\\/\"}}]}<\/script>\n<!-- \/ Yoast SEO plugin. -->","yoast_head_json":{"title":"Contato de Contabilidade em S\u00e3o Jo\u00e3o Del Rei - MG | Lira Contabilidade","description":"Contabilidade em S\u00e3o Jo\u00e3o Del Rei - MG. Solu\u00e7\u00f5es sob medida para sua empresa. Garanta uma gest\u00e3o financeira eficiente e segura.","robots":{"index":"index","follow":"follow","max-snippet":"max-snippet:-1","max-image-preview":"max-image-preview:large","max-video-preview":"max-video-preview:-1"},"canonical":"https:\/\/liracontabilidade.com.br\/index.php\/contato\/","og_locale":"pt_BR","og_type":"article","og_title":"Contato de Contabilidade em S\u00e3o Jo\u00e3o Del Rei - MG | Lira Contabilidade","og_description":"Contabilidade em S\u00e3o Jo\u00e3o Del Rei - MG. Solu\u00e7\u00f5es sob medida para sua empresa. Garanta uma gest\u00e3o financeira eficiente e segura.","og_url":"https:\/\/liracontabilidade.com.br\/index.php\/contato\/","og_site_name":"Lira Contabilidade","article_modified_time":"2024-02-02T13:22:41+00:00","og_image":[{"width":512,"height":512,"url":"https:\/\/liracontabilidade.com.br\/wp-content\/uploads\/2023\/02\/cropped-Novo-Projeto-42-1.png","type":"image\/png"}],"twitter_card":"summary_large_image","twitter_misc":{"Est. tempo de leitura":"2 minutos"},"schema":{"@context":"https:\/\/schema.org","@graph":[{"@type":"WebPage","@id":"https:\/\/liracontabilidade.com.br\/index.php\/contato\/","url":"https:\/\/liracontabilidade.com.br\/index.php\/contato\/","name":"Contato de Contabilidade em S\u00e3o Jo\u00e3o Del Rei - MG | Lira Contabilidade","isPartOf":{"@id":"https:\/\/liracontabilidade.com.br\/#website"},"primaryImageOfPage":{"@id":"https:\/\/liracontabilidade.com.br\/index.php\/contato\/#primaryimage"},"image":{"@id":"https:\/\/liracontabilidade.com.br\/index.php\/contato\/#primaryimage"},"thumbnailUrl":"https:\/\/liracontabilidade.com.br\/wp-content\/uploads\/2023\/02\/cropped-Novo-Projeto-42-1.png","datePublished":"2023-02-13T01:36:47+00:00","dateModified":"2024-02-02T13:22:41+00:00","description":"Contabilidade em S\u00e3o Jo\u00e3o Del Rei - MG. Solu\u00e7\u00f5es sob medida para sua empresa. Garanta uma gest\u00e3o financeira eficiente e segura.","breadcrumb":{"@id":"https:\/\/liracontabilidade.com.br\/index.php\/contato\/#breadcrumb"},"inLanguage":"pt-BR","potentialAction":[{"@type":"ReadAction","target":["https:\/\/liracontabilidade.com.br\/index.php\/contato\/"]}]},{"@type":"ImageObject","inLanguage":"pt-BR","@id":"https:\/\/liracontabilidade.com.br\/index.php\/contato\/#primaryimage","url":"https:\/\/liracontabilidade.com.br\/wp-content\/uploads\/2023\/02\/cropped-Novo-Projeto-42-1.png","contentUrl":"https:\/\/liracontabilidade.com.br\/wp-content\/uploads\/2023\/02\/cropped-Novo-Projeto-42-1.png","width":512,"height":512},{"@type":"BreadcrumbList","@id":"https:\/\/liracontabilidade.com.br\/index.php\/contato\/#breadcrumb","itemListElement":[{"@type":"ListItem","position":1,"name":"In\u00edcio","item":"https:\/\/liracontabilidade.com.br\/"},{"@type":"ListItem","position":2,"name":"Contato"}]},{"@type":"WebSite","@id":"https:\/\/liracontabilidade.com.br\/#website","url":"https:\/\/liracontabilidade.com.br\/","name":"Lira Contabilidade","description":"Contabilidade em S\u00e3o Jo\u00e3o Del Rei - MG","publisher":{"@id":"https:\/\/liracontabilidade.com.br\/#organization"},"potentialAction":[{"@type":"SearchAction","target":{"@type":"EntryPoint","urlTemplate":"https:\/\/liracontabilidade.com.br\/?s={search_term_string}"},"query-input":{"@type":"PropertyValueSpecification","valueRequired":true,"valueName":"search_term_string"}}],"inLanguage":"pt-BR"},{"@type":"Organization","@id":"https:\/\/liracontabilidade.com.br\/#organization","name":"Lira Contabilidade","url":"https:\/\/liracontabilidade.com.br\/","logo":{"@type":"ImageObject","inLanguage":"pt-BR","@id":"https:\/\/liracontabilidade.com.br\/#\/schema\/logo\/image\/","url":"https:\/\/liracontabilidade.com.br\/wp-content\/uploads\/2023\/02\/Novo-Projeto-44.png","contentUrl":"https:\/\/liracontabilidade.com.br\/wp-content\/uploads\/2023\/02\/Novo-Projeto-44.png","width":182,"height":60,"caption":"Lira Contabilidade"},"image":{"@id":"https:\/\/liracontabilidade.com.br\/#\/schema\/logo\/image\/"}}]}},"_links":{"self":[{"href":"https:\/\/liracontabilidade.com.br\/index.php\/wp-json\/wp\/v2\/pages\/997","targetHints":{"allow":["GET"]}}],"collection":[{"href":"https:\/\/liracontabilidade.com.br\/index.php\/wp-json\/wp\/v2\/pages"}],"about":[{"href":"https:\/\/liracontabilidade.com.br\/index.php\/wp-json\/wp\/v2\/types\/page"}],"author":[{"embeddable":true,"href":"https:\/\/liracontabilidade.com.br\/index.php\/wp-json\/wp\/v2\/users\/1"}],"replies":[{"embeddable":true,"href":"https:\/\/liracontabilidade.com.br\/index.php\/wp-json\/wp\/v2\/comments?post=997"}],"version-history":[{"count":23,"href":"https:\/\/liracontabilidade.com.br\/index.php\/wp-json\/wp\/v2\/pages\/997\/revisions"}],"predecessor-version":[{"id":1438,"href":"https:\/\/liracontabilidade.com.br\/index.php\/wp-json\/wp\/v2\/pages\/997\/revisions\/1438"}],"wp:featuredmedia":[{"embeddable":true,"href":"https:\/\/liracontabilidade.com.br\/index.php\/wp-json\/wp\/v2\/media\/1138"}],"wp:attachment":[{"href":"https:\/\/liracontabilidade.com.br\/index.php\/wp-json\/wp\/v2\/media?parent=997"}],"curies":[{"name":"wp","href":"https:\/\/api.w.org\/{rel}","templated":true}]}}